{"id":121,"date":"2025-07-02T13:49:43","date_gmt":"2025-07-02T10:49:43","guid":{"rendered":"http:\/\/www.kys.org.tr\/?page_id=121"},"modified":"2025-07-02T17:30:58","modified_gmt":"2025-07-02T14:30:58","slug":"iletisim","status":"publish","type":"page","link":"http:\/\/www.kys.org.tr\/index.php\/iletisim\/","title":{"rendered":"\u0130leti\u015fim"},"content":{"rendered":"<p><strong><u><img loading=\"lazy\" decoding=\"async\" class=\"alignnone \" src=\"http:\/\/kys.org.tr\/duyurular\/t.jpg\" width=\"5\" height=\"5\" \/><\/u><\/strong><strong><u><img loading=\"lazy\" decoding=\"async\" class=\"alignnone\" src=\"http:\/\/kys.org.tr\/duyurular\/dernek.jpg\" width=\"259\" height=\"120\" \/><br \/>\n<\/u><\/strong><\/p>\n<p>\u0130tribat:<br \/>\n<strong style=\"font-size: 1rem;\"><u>Bera Yard\u0131mla\u015fma Derne\u011fi<\/u><\/strong><\/p>\n<p><u>K\u00fct\u00fck No: 42-029-046<br \/>\n<\/u><u>Ni\u015fanta\u015f Mah. Dr. M. Hulusi Baybal Cad. No:12 Bera \u0130\u015f Merkezi Sel\u00e7uklu\/KONYA<br \/>\nMeram V.D. : 5760268263<br \/>\n<\/u>Telefon:\u00a0 +90 332 221 21 27<br \/>\ne-mail: <a href=\"mailto:bilgi@kys.org.tr\">bilgi@kys.org.tr<\/a><br \/>\ne-mail: <a href=\"mailto:ersin.aktas@bera.com.tr\">ersin.aktas@bera.com.tr<\/a><\/p>\n","protected":false},"excerpt":{"rendered":"<p>\u0130tribat: Bera Yard\u0131mla\u015fma Derne\u011fi K\u00fct\u00fck No: 42-029-046 Ni\u015fanta\u015f Mah. Dr. M. Hulusi Baybal Cad. No:12 Bera \u0130\u015f Merkezi Sel\u00e7uklu\/KONYA Meram V.D. : 5760268263 Telefon:\u00a0 +90 332 221 21 27 e-mail: bilgi@kys.org.tr e-mail: ersin.aktas@bera.com.tr<\/p>\n","protected":false},"author":1,"featured_media":0,"parent":0,"menu_order":0,"comment_status":"closed","ping_status":"closed","template":"","meta":{"footnotes":""},"class_list":["post-121","page","type-page","status-publish","hentry"],"_links":{"self":[{"href":"http:\/\/www.kys.org.tr\/index.php\/wp-json\/wp\/v2\/pages\/121","targetHints":{"allow":["GET"]}}],"collection":[{"href":"http:\/\/www.kys.org.tr\/index.php\/wp-json\/wp\/v2\/pages"}],"about":[{"href":"http:\/\/www.kys.org.tr\/index.php\/wp-json\/wp\/v2\/types\/page"}],"author":[{"embeddable":true,"href":"http:\/\/www.kys.org.tr\/index.php\/wp-json\/wp\/v2\/users\/1"}],"replies":[{"embeddable":true,"href":"http:\/\/www.kys.org.tr\/index.php\/wp-json\/wp\/v2\/comments?post=121"}],"version-history":[{"count":21,"href":"http:\/\/www.kys.org.tr\/index.php\/wp-json\/wp\/v2\/pages\/121\/revisions"}],"predecessor-version":[{"id":159,"href":"http:\/\/www.kys.org.tr\/index.php\/wp-json\/wp\/v2\/pages\/121\/revisions\/159"}],"wp:attachment":[{"href":"http:\/\/www.kys.org.tr\/index.php\/wp-json\/wp\/v2\/media?parent=121"}],"curies":[{"name":"wp","href":"https:\/\/api.w.org\/{rel}","templated":true}]}}