{"id":143,"date":"2025-07-02T15:06:32","date_gmt":"2025-07-02T12:06:32","guid":{"rendered":"http:\/\/www.kys.org.tr\/?page_id=143"},"modified":"2025-07-02T15:30:55","modified_gmt":"2025-07-02T12:30:55","slug":"sandik","status":"publish","type":"page","link":"http:\/\/www.kys.org.tr\/index.php\/sandik\/","title":{"rendered":"Sand\u0131k"},"content":{"rendered":"<p><strong><u><img loading=\"lazy\" decoding=\"async\" class=\"alignnone\" src=\"http:\/\/kys.org.tr\/duyurular\/sandik.jpg\" width=\"259\" height=\"120\" \/><\/u><\/strong><\/p>\n<ul>\n<li>Sand\u0131k t\u00fcz\u00fc\u011f\u00fc<\/li>\n<li>Sand\u0131k y\u00f6netim kurulu<\/li>\n<li>Sand\u0131k banka hesap bilgileri<\/li>\n<li>Sand\u0131k \u00fcyelik formu<\/li>\n<\/ul>\n","protected":false},"excerpt":{"rendered":"<p>Sand\u0131k t\u00fcz\u00fc\u011f\u00fc Sand\u0131k y\u00f6netim kurulu Sand\u0131k banka hesap bilgileri Sand\u0131k \u00fcyelik formu<\/p>\n","protected":false},"author":1,"featured_media":0,"parent":0,"menu_order":0,"comment_status":"closed","ping_status":"closed","template":"","meta":{"footnotes":""},"class_list":["post-143","page","type-page","status-publish","hentry"],"_links":{"self":[{"href":"http:\/\/www.kys.org.tr\/index.php\/wp-json\/wp\/v2\/pages\/143","targetHints":{"allow":["GET"]}}],"collection":[{"href":"http:\/\/www.kys.org.tr\/index.php\/wp-json\/wp\/v2\/pages"}],"about":[{"href":"http:\/\/www.kys.org.tr\/index.php\/wp-json\/wp\/v2\/types\/page"}],"author":[{"embeddable":true,"href":"http:\/\/www.kys.org.tr\/index.php\/wp-json\/wp\/v2\/users\/1"}],"replies":[{"embeddable":true,"href":"http:\/\/www.kys.org.tr\/index.php\/wp-json\/wp\/v2\/comments?post=143"}],"version-history":[{"count":4,"href":"http:\/\/www.kys.org.tr\/index.php\/wp-json\/wp\/v2\/pages\/143\/revisions"}],"predecessor-version":[{"id":149,"href":"http:\/\/www.kys.org.tr\/index.php\/wp-json\/wp\/v2\/pages\/143\/revisions\/149"}],"wp:attachment":[{"href":"http:\/\/www.kys.org.tr\/index.php\/wp-json\/wp\/v2\/media?parent=143"}],"curies":[{"name":"wp","href":"https:\/\/api.w.org\/{rel}","templated":true}]}}