{"id":3,"date":"2025-07-02T07:27:50","date_gmt":"2025-07-02T07:27:50","guid":{"rendered":"http:\/\/www.bguner.com\/wordpress\/?page_id=3"},"modified":"2025-07-03T10:45:58","modified_gmt":"2025-07-03T07:45:58","slug":"biz-kimiz","status":"publish","type":"page","link":"http:\/\/www.kys.org.tr\/","title":{"rendered":"Biz Kimiz"},"content":{"rendered":"\r\n<h2 class=\"wp-block-heading\"><strong><u><img loading=\"lazy\" decoding=\"async\" class=\"alignnone \" src=\"http:\/\/kys.org.tr\/duyurular\/t.jpg\" width=\"5\" height=\"5\" \/><\/u><\/strong><strong><u><img loading=\"lazy\" decoding=\"async\" class=\"alignnone\" src=\"http:\/\/kys.org.tr\/duyurular\/dernek.jpg\" width=\"259\" height=\"120\" \/><\/u><\/strong><\/h2>\r\n<h2>Biz Kimiz<\/h2>\r\n\r\n\r\n\r\n<p>Web sitemiz: <a href=\"http:\/\/www.kys.org.tr\">http:\/\/www.kys.org.tr<\/a><\/p>\r\n\r\n\r\n\r\n<h2 class=\"wp-block-heading\">Amac\u0131m\u0131z<\/h2>\r\n\r\n\r\n\r\n<h3 class=\"wp-block-heading\">Bera Holding ve ba\u011fl\u0131 ortakl\u0131klar\u0131 \u00e7al\u0131\u015fanlar\u0131 aras\u0131nda dayan\u0131\u015fma ve yard\u0131mla\u015fmay\u0131 sa\u011flamak.<\/h3>\r\n\r\n\r\n\r\n<p>Holding ve ba\u011fl\u0131 ortakl\u0131klar\u0131n \u00e7al\u0131\u015fanlar\u0131n\u0131n \u00f6ncelikli ve temennimiz odur ki mutlu g\u00fcnlerinde yanlar\u0131nda olmak ama t\u00fcm zamanlar\u0131nda buna k\u00f6t\u00fc g\u00fcnlerde dahil el uzatabilmek ve birlikte g\u00fc\u00e7l\u00fc ve dayan\u0131kl\u0131 bir aile profili olu\u015fturabilmektir. Bizler sadece \u00e7al\u0131\u015fan insanlar de\u011fil ayn\u0131 zamanda kar\u015f\u0131l\u0131kl\u0131 duygular ta\u015f\u0131yan ve bu duygular ile birbirimize destek olan birer aile \u00fcyesiyiz.<\/p>\r\n\r\n\r\n\r\n<p>Sand\u0131k ve dernek faaliyetlerimiz hakk\u0131nda daha detayl\u0131 bilgiye ula\u015fabilmek amac\u0131 ile ersin.aktas@bera.com.tr e-posta adresinden yahut +90 (332) 221 2127 numaral\u0131 telefon \u00fczerinden bizimle irtibata ge\u00e7ebilirsiniz.<\/p>","protected":false},"excerpt":{"rendered":"<p>Biz Kimiz Web sitemiz: http:\/\/www.kys.org.tr Amac\u0131m\u0131z Bera Holding ve ba\u011fl\u0131 ortakl\u0131klar\u0131 \u00e7al\u0131\u015fanlar\u0131 aras\u0131nda dayan\u0131\u015fma ve yard\u0131mla\u015fmay\u0131 sa\u011flamak. Holding ve ba\u011fl\u0131 ortakl\u0131klar\u0131n \u00e7al\u0131\u015fanlar\u0131n\u0131n \u00f6ncelikli ve temennimiz odur ki mutlu g\u00fcnlerinde yanlar\u0131nda olmak ama t\u00fcm zamanlar\u0131nda buna k\u00f6t\u00fc g\u00fcnlerde dahil el uzatabilmek ve birlikte g\u00fc\u00e7l\u00fc ve dayan\u0131kl\u0131 bir aile profili olu\u015fturabilmektir. Bizler sadece \u00e7al\u0131\u015fan insanlar de\u011fil ayn\u0131 &hellip; <\/p>\n<p class=\"link-more\"><a href=\"http:\/\/www.kys.org.tr\/\" class=\"more-link\">Okumaya devam et<span class=\"screen-reader-text\"> &#8220;Biz Kimiz&#8221;<\/span><\/a><\/p>\n","protected":false},"author":1,"featured_media":164,"parent":0,"menu_order":0,"comment_status":"closed","ping_status":"closed","template":"","meta":{"footnotes":""},"class_list":["post-3","page","type-page","status-publish","has-post-thumbnail","hentry"],"_links":{"self":[{"href":"http:\/\/www.kys.org.tr\/index.php\/wp-json\/wp\/v2\/pages\/3","targetHints":{"allow":["GET"]}}],"collection":[{"href":"http:\/\/www.kys.org.tr\/index.php\/wp-json\/wp\/v2\/pages"}],"about":[{"href":"http:\/\/www.kys.org.tr\/index.php\/wp-json\/wp\/v2\/types\/page"}],"author":[{"embeddable":true,"href":"http:\/\/www.kys.org.tr\/index.php\/wp-json\/wp\/v2\/users\/1"}],"replies":[{"embeddable":true,"href":"http:\/\/www.kys.org.tr\/index.php\/wp-json\/wp\/v2\/comments?post=3"}],"version-history":[{"count":13,"href":"http:\/\/www.kys.org.tr\/index.php\/wp-json\/wp\/v2\/pages\/3\/revisions"}],"predecessor-version":[{"id":162,"href":"http:\/\/www.kys.org.tr\/index.php\/wp-json\/wp\/v2\/pages\/3\/revisions\/162"}],"wp:featuredmedia":[{"embeddable":true,"href":"http:\/\/www.kys.org.tr\/index.php\/wp-json\/wp\/v2\/media\/164"}],"wp:attachment":[{"href":"http:\/\/www.kys.org.tr\/index.php\/wp-json\/wp\/v2\/media?parent=3"}],"curies":[{"name":"wp","href":"https:\/\/api.w.org\/{rel}","templated":true}]}}